{"id":684,"date":"2017-01-20T15:59:20","date_gmt":"2017-01-20T13:59:20","guid":{"rendered":"\/wp\/?page_id=684"},"modified":"2024-06-20T14:44:40","modified_gmt":"2024-06-20T12:44:40","slug":"hypnose-in-schwangerschaft-geburt-und-wochenbett","status":"publish","type":"page","link":"https:\/\/www.theresa-hoffmann.de\/wp\/hypnose-in-schwangerschaft-geburt-und-wochenbett\/","title":{"rendered":"Hypnoseausbildung Karlsruhe &#8211; Schwangerschaft &amp; Geburt"},"content":{"rendered":"<h2>Standort Karlsruhe oder Online-Seminar<\/h2>\n<h3>Als ehemalige Hebamme begeistern mich alle Themen rund um die Schwangerschaft:<\/h3>\n<ul>\n<li><strong>Schwangerschaftskonflikt<\/strong>: Ich berate Sie gerne neutral und wertfrei bez\u00fcglich Ihrer \u00dcberlegungen, ob Sie die Schwangerschaft austragen, oder abtreiben sollten.<\/li>\n<li><strong>\u00dcberm\u00e4\u00dfige Schwangerschafts\u00fcbelkeit<\/strong>: Hier finden sich oft psychogene Verst\u00e4rker der \u00dcbelkeit.<\/li>\n<li><strong>Vorzeitige Wehen<\/strong>: Hier zeigen sich oft unbewusste Konflikte, die tief verborgen im Unterbewusstsein eine unruhige Geb\u00e4rmutter verst\u00e4rken k\u00f6nnen. Hier ist mir eine enge Zusammenarbeit mit der Schulmedizin zum Wohle der Schwangeren sehr wichtig.<\/li>\n<li><strong>Angst vor der Geburt<\/strong>: Durch meine Erfahrung als Hebamme wei\u00df ich genau, was im Krei\u00dfsaal auf Sie zukommt und kann Sie daher neben der Hypnose gegen die Geburtsangst auch beraten, welche Geburt zu Ihnen passen k\u00f6nnte.<\/li>\n<li><strong>Geburtsvorbereitung mit Hypnose<\/strong> \u00e4hnlich HypnoBirthing: Frauen auf eine sanfte, selbstbestimmte Geburt vorzubereiten und ihnen Techniken zur Schmerzreduktion und zur Entspannung an die Hand zu geben begeistert mich sehr, vor allem wenn ich am Ende einen Gebursbericht bekomme \ud83d\ude42<\/li>\n<li><strong>Aufarbeitung traumatischer Geburten<\/strong>: Nach meiner Erfahrung vertieft eine Aufarbeitung einer traumatischen Geburt die Bindung der Mutter oder der Eltern zum Kind.<\/li>\n<li><strong>Baby-Blues<\/strong>: Neben der hormonellen Ver\u00e4nderung finden sich beim Baby-Blues auch oft wiederkehrende Muster, beispielsweise ein zu hoher Anspruch an sich selbst mit einem Gef\u00fchl, dass alles perfekt sein muss. Diese Muster zu finden und mit den Frauen an passenden L\u00f6sungen zu arbeiten kann sehr entlastend wirken.<\/li>\n<li><strong>Wochenbettdepression<\/strong>: Manchmal geht ein Baby-Blues auch in eine Wochenbettdepression \u00fcber, oder die Wochenbettdepression entwickelt sich etwas zeitverz\u00f6gert. Oft ist eine als traumatisch empfundene Geburt urs\u00e4chlich, es kann aber auch andere Verst\u00e4rker der Wochenbettdepression geben. Eine Behandlung erfolgt hier in enger Zusammenarbeit mit Ihrem behandelnden Gyn\u00e4kologen.<\/li>\n<\/ul>\n\n\n<h6 class=\"wp-block-heading\">Termine f\u00fcr die Hypnoseausbildung Schwangerschaft &amp; Geburt in Karlsruhe<\/h6>\n\n\n<div class=\"ecs-no-events\">Es sind keine anstehenden Veranstaltungen vorhanden.<\/div>\n\n\n\n<p><a href=\"https:\/\/www.hypnoseausbildung-seminar.de\/sonstiges\/seminaranmeldung\/anmeldung-thermedius-karlsruhe---theresa-hoffmann.html\">Jetzt buchen<\/a><\/p>\n","protected":false},"excerpt":{"rendered":"<p>Standort Karlsruhe oder Online-Seminar Als ehemalige Hebamme begeistern mich alle Themen rund um die Schwangerschaft: Schwangerschaftskonflikt: Ich berate Sie gerne neutral und wertfrei bez\u00fcglich Ihrer \u00dcberlegungen, ob Sie die Schwangerschaft austragen, oder abtreiben sollten. \u00dcberm\u00e4\u00dfige Schwangerschafts\u00fcbelkeit: Hier finden sich oft<\/p>\n","protected":false},"author":1,"featured_media":0,"parent":0,"menu_order":0,"comment_status":"closed","ping_status":"closed","template":"","meta":{"footnotes":""},"class_list":["post-684","page","type-page","status-publish","hentry"],"yoast_head":"<!-- This site is optimized with the Yoast SEO plugin v26.3 - https:\/\/yoast.com\/wordpress\/plugins\/seo\/ -->\n<title>Hypnoseausbildung Karlsruhe - Schwangerschaft &amp; Geburt - Praxis f\u00fcr Hypnose und EMDR<\/title>\n<meta name=\"robots\" content=\"index, follow, max-snippet:-1, max-image-preview:large, max-video-preview:-1\" \/>\n<link rel=\"canonical\" href=\"https:\/\/www.theresa-hoffmann.de\/wp\/hypnose-in-schwangerschaft-geburt-und-wochenbett\/\" \/>\n<meta property=\"og:locale\" content=\"de_DE\" \/>\n<meta property=\"og:type\" content=\"article\" \/>\n<meta property=\"og:title\" content=\"Hypnoseausbildung Karlsruhe - Schwangerschaft &amp; Geburt - Praxis f\u00fcr Hypnose und EMDR\" \/>\n<meta property=\"og:description\" content=\"Standort Karlsruhe oder Online-Seminar Als ehemalige Hebamme begeistern mich alle Themen rund um die Schwangerschaft: Schwangerschaftskonflikt: Ich berate Sie gerne neutral und wertfrei bez\u00fcglich Ihrer \u00dcberlegungen, ob Sie die Schwangerschaft austragen, oder abtreiben sollten. \u00dcberm\u00e4\u00dfige Schwangerschafts\u00fcbelkeit: Hier finden sich oft\" \/>\n<meta property=\"og:url\" content=\"https:\/\/www.theresa-hoffmann.de\/wp\/hypnose-in-schwangerschaft-geburt-und-wochenbett\/\" \/>\n<meta property=\"og:site_name\" content=\"Praxis f\u00fcr Hypnose und EMDR\" \/>\n<meta property=\"article:publisher\" content=\"https:\/\/www.facebook.com\/Hypnose.Theresa.Hoffmann\" \/>\n<meta property=\"article:modified_time\" content=\"2024-06-20T12:44:40+00:00\" \/>\n<meta property=\"og:image\" content=\"https:\/\/www.theresa-hoffmann.de\/wp\/wp-content\/uploads\/2021\/11\/Logo-Neuthard-nur-Anschrift-Wolf-Hoffmann-scaled.jpg\" \/>\n\t<meta property=\"og:image:width\" content=\"2560\" \/>\n\t<meta property=\"og:image:height\" content=\"1235\" \/>\n\t<meta property=\"og:image:type\" content=\"image\/jpeg\" \/>\n<meta name=\"twitter:card\" content=\"summary_large_image\" \/>\n<meta name=\"twitter:label1\" content=\"Gesch\u00e4tzte Lesezeit\" \/>\n\t<meta name=\"twitter:data1\" content=\"2\u00a0Minuten\" \/>\n<script type=\"application\/ld+json\" class=\"yoast-schema-graph\">{\"@context\":\"https:\/\/schema.org\",\"@graph\":[{\"@type\":\"WebPage\",\"@id\":\"https:\/\/www.theresa-hoffmann.de\/wp\/hypnose-in-schwangerschaft-geburt-und-wochenbett\/\",\"url\":\"https:\/\/www.theresa-hoffmann.de\/wp\/hypnose-in-schwangerschaft-geburt-und-wochenbett\/\",\"name\":\"Hypnoseausbildung Karlsruhe - Schwangerschaft &amp; Geburt - Praxis f\u00fcr Hypnose und EMDR\",\"isPartOf\":{\"@id\":\"https:\/\/www.theresa-hoffmann.de\/wp\/#website\"},\"datePublished\":\"2017-01-20T13:59:20+00:00\",\"dateModified\":\"2024-06-20T12:44:40+00:00\",\"breadcrumb\":{\"@id\":\"https:\/\/www.theresa-hoffmann.de\/wp\/hypnose-in-schwangerschaft-geburt-und-wochenbett\/#breadcrumb\"},\"inLanguage\":\"de\",\"potentialAction\":[{\"@type\":\"ReadAction\",\"target\":[\"https:\/\/www.theresa-hoffmann.de\/wp\/hypnose-in-schwangerschaft-geburt-und-wochenbett\/\"]}]},{\"@type\":\"BreadcrumbList\",\"@id\":\"https:\/\/www.theresa-hoffmann.de\/wp\/hypnose-in-schwangerschaft-geburt-und-wochenbett\/#breadcrumb\",\"itemListElement\":[{\"@type\":\"ListItem\",\"position\":1,\"name\":\"Startseite\",\"item\":\"https:\/\/www.theresa-hoffmann.de\/wp\/\"},{\"@type\":\"ListItem\",\"position\":2,\"name\":\"Hypnoseausbildung Karlsruhe &#8211; Schwangerschaft &amp; Geburt\"}]},{\"@type\":\"WebSite\",\"@id\":\"https:\/\/www.theresa-hoffmann.de\/wp\/#website\",\"url\":\"https:\/\/www.theresa-hoffmann.de\/wp\/\",\"name\":\"Theresa Wolf-Hoffmann - Praxis f\u00fcr Hypnose und EMDR\",\"description\":\"\",\"publisher\":{\"@id\":\"https:\/\/www.theresa-hoffmann.de\/wp\/#organization\"},\"potentialAction\":[{\"@type\":\"SearchAction\",\"target\":{\"@type\":\"EntryPoint\",\"urlTemplate\":\"https:\/\/www.theresa-hoffmann.de\/wp\/?s={search_term_string}\"},\"query-input\":{\"@type\":\"PropertyValueSpecification\",\"valueRequired\":true,\"valueName\":\"search_term_string\"}}],\"inLanguage\":\"de\"},{\"@type\":\"Organization\",\"@id\":\"https:\/\/www.theresa-hoffmann.de\/wp\/#organization\",\"name\":\"Theresa Hoffmann - Praxis f\u00fcr Hypnose und EMDR\",\"url\":\"https:\/\/www.theresa-hoffmann.de\/wp\/\",\"logo\":{\"@type\":\"ImageObject\",\"inLanguage\":\"de\",\"@id\":\"https:\/\/www.theresa-hoffmann.de\/wp\/#\/schema\/logo\/image\/\",\"url\":\"https:\/\/www.theresa-hoffmann.de\/wp\/wp-content\/uploads\/2017\/01\/TheresaLogo.jpg\",\"contentUrl\":\"https:\/\/www.theresa-hoffmann.de\/wp\/wp-content\/uploads\/2017\/01\/TheresaLogo.jpg\",\"width\":2782,\"height\":1685,\"caption\":\"Theresa Hoffmann - Praxis f\u00fcr Hypnose und EMDR\"},\"image\":{\"@id\":\"https:\/\/www.theresa-hoffmann.de\/wp\/#\/schema\/logo\/image\/\"},\"sameAs\":[\"https:\/\/www.facebook.com\/Hypnose.Theresa.Hoffmann\"]}]}<\/script>\n<!-- \/ Yoast SEO plugin. -->","yoast_head_json":{"title":"Hypnoseausbildung Karlsruhe - Schwangerschaft &amp; Geburt - Praxis f\u00fcr Hypnose und EMDR","robots":{"index":"index","follow":"follow","max-snippet":"max-snippet:-1","max-image-preview":"max-image-preview:large","max-video-preview":"max-video-preview:-1"},"canonical":"https:\/\/www.theresa-hoffmann.de\/wp\/hypnose-in-schwangerschaft-geburt-und-wochenbett\/","og_locale":"de_DE","og_type":"article","og_title":"Hypnoseausbildung Karlsruhe - Schwangerschaft &amp; Geburt - Praxis f\u00fcr Hypnose und EMDR","og_description":"Standort Karlsruhe oder Online-Seminar Als ehemalige Hebamme begeistern mich alle Themen rund um die Schwangerschaft: Schwangerschaftskonflikt: Ich berate Sie gerne neutral und wertfrei bez\u00fcglich Ihrer \u00dcberlegungen, ob Sie die Schwangerschaft austragen, oder abtreiben sollten. \u00dcberm\u00e4\u00dfige Schwangerschafts\u00fcbelkeit: Hier finden sich oft","og_url":"https:\/\/www.theresa-hoffmann.de\/wp\/hypnose-in-schwangerschaft-geburt-und-wochenbett\/","og_site_name":"Praxis f\u00fcr Hypnose und EMDR","article_publisher":"https:\/\/www.facebook.com\/Hypnose.Theresa.Hoffmann","article_modified_time":"2024-06-20T12:44:40+00:00","og_image":[{"width":2560,"height":1235,"url":"https:\/\/www.theresa-hoffmann.de\/wp\/wp-content\/uploads\/2021\/11\/Logo-Neuthard-nur-Anschrift-Wolf-Hoffmann-scaled.jpg","type":"image\/jpeg"}],"twitter_card":"summary_large_image","twitter_misc":{"Gesch\u00e4tzte Lesezeit":"2\u00a0Minuten"},"schema":{"@context":"https:\/\/schema.org","@graph":[{"@type":"WebPage","@id":"https:\/\/www.theresa-hoffmann.de\/wp\/hypnose-in-schwangerschaft-geburt-und-wochenbett\/","url":"https:\/\/www.theresa-hoffmann.de\/wp\/hypnose-in-schwangerschaft-geburt-und-wochenbett\/","name":"Hypnoseausbildung Karlsruhe - Schwangerschaft &amp; Geburt - Praxis f\u00fcr Hypnose und EMDR","isPartOf":{"@id":"https:\/\/www.theresa-hoffmann.de\/wp\/#website"},"datePublished":"2017-01-20T13:59:20+00:00","dateModified":"2024-06-20T12:44:40+00:00","breadcrumb":{"@id":"https:\/\/www.theresa-hoffmann.de\/wp\/hypnose-in-schwangerschaft-geburt-und-wochenbett\/#breadcrumb"},"inLanguage":"de","potentialAction":[{"@type":"ReadAction","target":["https:\/\/www.theresa-hoffmann.de\/wp\/hypnose-in-schwangerschaft-geburt-und-wochenbett\/"]}]},{"@type":"BreadcrumbList","@id":"https:\/\/www.theresa-hoffmann.de\/wp\/hypnose-in-schwangerschaft-geburt-und-wochenbett\/#breadcrumb","itemListElement":[{"@type":"ListItem","position":1,"name":"Startseite","item":"https:\/\/www.theresa-hoffmann.de\/wp\/"},{"@type":"ListItem","position":2,"name":"Hypnoseausbildung Karlsruhe &#8211; Schwangerschaft &amp; Geburt"}]},{"@type":"WebSite","@id":"https:\/\/www.theresa-hoffmann.de\/wp\/#website","url":"https:\/\/www.theresa-hoffmann.de\/wp\/","name":"Theresa Wolf-Hoffmann - Praxis f\u00fcr Hypnose und EMDR","description":"","publisher":{"@id":"https:\/\/www.theresa-hoffmann.de\/wp\/#organization"},"potentialAction":[{"@type":"SearchAction","target":{"@type":"EntryPoint","urlTemplate":"https:\/\/www.theresa-hoffmann.de\/wp\/?s={search_term_string}"},"query-input":{"@type":"PropertyValueSpecification","valueRequired":true,"valueName":"search_term_string"}}],"inLanguage":"de"},{"@type":"Organization","@id":"https:\/\/www.theresa-hoffmann.de\/wp\/#organization","name":"Theresa Hoffmann - Praxis f\u00fcr Hypnose und EMDR","url":"https:\/\/www.theresa-hoffmann.de\/wp\/","logo":{"@type":"ImageObject","inLanguage":"de","@id":"https:\/\/www.theresa-hoffmann.de\/wp\/#\/schema\/logo\/image\/","url":"https:\/\/www.theresa-hoffmann.de\/wp\/wp-content\/uploads\/2017\/01\/TheresaLogo.jpg","contentUrl":"https:\/\/www.theresa-hoffmann.de\/wp\/wp-content\/uploads\/2017\/01\/TheresaLogo.jpg","width":2782,"height":1685,"caption":"Theresa Hoffmann - Praxis f\u00fcr Hypnose und EMDR"},"image":{"@id":"https:\/\/www.theresa-hoffmann.de\/wp\/#\/schema\/logo\/image\/"},"sameAs":["https:\/\/www.facebook.com\/Hypnose.Theresa.Hoffmann"]}]}},"_links":{"self":[{"href":"https:\/\/www.theresa-hoffmann.de\/wp\/wp-json\/wp\/v2\/pages\/684","targetHints":{"allow":["GET"]}}],"collection":[{"href":"https:\/\/www.theresa-hoffmann.de\/wp\/wp-json\/wp\/v2\/pages"}],"about":[{"href":"https:\/\/www.theresa-hoffmann.de\/wp\/wp-json\/wp\/v2\/types\/page"}],"author":[{"embeddable":true,"href":"https:\/\/www.theresa-hoffmann.de\/wp\/wp-json\/wp\/v2\/users\/1"}],"replies":[{"embeddable":true,"href":"https:\/\/www.theresa-hoffmann.de\/wp\/wp-json\/wp\/v2\/comments?post=684"}],"version-history":[{"count":2,"href":"https:\/\/www.theresa-hoffmann.de\/wp\/wp-json\/wp\/v2\/pages\/684\/revisions"}],"predecessor-version":[{"id":1462,"href":"https:\/\/www.theresa-hoffmann.de\/wp\/wp-json\/wp\/v2\/pages\/684\/revisions\/1462"}],"wp:attachment":[{"href":"https:\/\/www.theresa-hoffmann.de\/wp\/wp-json\/wp\/v2\/media?parent=684"}],"curies":[{"name":"wp","href":"https:\/\/api.w.org\/{rel}","templated":true}]}}